{"id":11691,"date":"2025-07-24T18:55:38","date_gmt":"2025-07-24T16:55:38","guid":{"rendered":"http:\/\/nuevawebpruebakaricia.karicia.com\/blog\/?post_type=product&#038;p=4169"},"modified":"2025-09-17T14:41:55","modified_gmt":"2025-09-17T12:41:55","slug":"ylang-ylang-eco-15ml","status":"publish","type":"product","link":"http:\/\/nuevawebpruebakaricia.karicia.com\/blog\/producto\/ylang-ylang-eco-15ml\/","title":{"rendered":"Ylang-Ylang completo ECO 15ml"},"content":{"rendered":"<p><span style=\"font-weight: 400;\">En momentos de estr\u00e9s o tensi\u00f3n emocional, calma y eleva el \u00e1nimo, favoreciendo el equilibrio interior. Su aroma intenso y sensual despierta los sentidos, estimulando la pasi\u00f3n y enriqueciendo la conexi\u00f3n \u00edntima en pareja.\u00a0<\/span><\/p>\n","protected":false},"excerpt":{"rendered":"<p>El Ylang Ylang es un aceite de aroma floral que induce al bienestar y la relajaci\u00f3n; no es de extra\u00f1ar que en Indonesia se conozca al Ylang-Ylang como la \u00abFlor de flores\u00bb.<\/p>\n<p>Es perfecto en \u00e9pocas de mucho estr\u00e9s, tensi\u00f3n y ansiedad.<\/p>\n","protected":false},"featured_media":14158,"template":"","meta":{"site-sidebar-layout":"default","site-content-layout":"","ast-site-content-layout":"default","site-content-style":"default","site-sidebar-style":"default","ast-global-header-display":"","ast-banner-title-visibility":"","ast-main-header-display":"","ast-hfb-above-header-display":"","ast-hfb-below-header-display":"","ast-hfb-mobile-header-display":"","site-post-title":"","ast-breadcrumbs-content":"","ast-featured-img":"","footer-sml-layout":"","theme-transparent-header-meta":"default","adv-header-id-meta":"","stick-header-meta":"default","header-above-stick-meta":"","header-main-stick-meta":"","header-below-stick-meta":"","astra-migrate-meta-layouts":"set","ast-page-background-enabled":"default","ast-page-background-meta":{"desktop":{"background-color":"var(--ast-global-color-5)","background-image":"","background-repeat":"repeat","background-position":"center center","background-size":"auto","background-attachment":"scroll","background-type":"","background-media":"","overlay-type":"","overlay-color":"","overlay-opacity":"","overlay-gradient":""},"tablet":{"background-color":"","background-image":"","background-repeat":"repeat","background-position":"center center","background-size":"auto","background-attachment":"scroll","background-type":"","background-media":"","overlay-type":"","overlay-color":"","overlay-opacity":"","overlay-gradient":""},"mobile":{"background-color":"","background-image":"","background-repeat":"repeat","background-position":"center center","background-size":"auto","background-attachment":"scroll","background-type":"","background-media":"","overlay-type":"","overlay-color":"","overlay-opacity":"","overlay-gradient":""}},"ast-content-background-meta":{"desktop":{"background-color":"var(--ast-global-color-4)","background-image":"","background-repeat":"repeat","background-position":"center center","background-size":"auto","background-attachment":"scroll","background-type":"","background-media":"","overlay-type":"","overlay-color":"","overlay-opacity":"","overlay-gradient":""},"tablet":{"background-color":"var(--ast-global-color-4)","background-image":"","background-repeat":"repeat","background-position":"center center","background-size":"auto","background-attachment":"scroll","background-type":"","background-media":"","overlay-type":"","overlay-color":"","overlay-opacity":"","overlay-gradient":""},"mobile":{"background-color":"var(--ast-global-color-4)","background-image":"","background-repeat":"repeat","background-position":"center center","background-size":"auto","background-attachment":"scroll","background-type":"","background-media":"","overlay-type":"","overlay-color":"","overlay-opacity":"","overlay-gradient":""}}},"product_brand":[],"product_cat":[355,369,360,366,357,367,368,361,358],"product_tag":[],"class_list":{"0":"post-11691","1":"product","2":"type-product","3":"status-publish","4":"has-post-thumbnail","6":"product_cat-aceites-esenciales","7":"product_cat-apto-embarazo-y-lactancia","8":"product_cat-arrugas","9":"product_cat-ciclo-menstrual","10":"product_cat-energia-y-vitalidad","11":"product_cat-libido","12":"product_cat-peri-y-menopausia","13":"product_cat-piel-grasa-y-acne","14":"product_cat-relax","15":"desktop-align-center","16":"tablet-align-left","17":"mobile-align-center","18":"ast-product-gallery-layout-vertical-slider","19":"ast-product-gallery-with-no-image","20":"ast-qv-on-image","22":"first","23":"instock","24":"taxable","25":"shipping-taxable","26":"purchasable","27":"product-type-simple"},"yoast_head":"<!-- This site is optimized with the Yoast SEO plugin v26.0 - https:\/\/yoast.com\/wordpress\/plugins\/seo\/ -->\n<title>Ylang-Ylang completo ECO 15ml - Karicia cosm&Atilde;&copy;tica<\/title>\n<meta name=\"description\" content=\"Es ideal como t\u00f3nico cut\u00e1neo y capilar, seborregulador, revitalizante y antiinflamatorio.\" \/>\n<meta name=\"robots\" content=\"index, follow, max-snippet:-1, max-image-preview:large, max-video-preview:-1\" \/>\n<link rel=\"canonical\" href=\"http:\/\/nuevawebpruebakaricia.karicia.com\/blog\/producto\/ylang-ylang-eco-15ml\/\" \/>\n<meta property=\"og:locale\" content=\"es_ES\" \/>\n<meta property=\"og:type\" content=\"article\" \/>\n<meta property=\"og:title\" content=\"Ylang-Ylang completo ECO 15ml - Karicia cosm&Atilde;&copy;tica\" \/>\n<meta property=\"og:description\" content=\"Es ideal como t\u00f3nico cut\u00e1neo y capilar, seborregulador, revitalizante y antiinflamatorio.\" \/>\n<meta property=\"og:url\" content=\"http:\/\/nuevawebpruebakaricia.karicia.com\/blog\/producto\/ylang-ylang-eco-15ml\/\" \/>\n<meta property=\"og:site_name\" content=\"Karicia cosm&Atilde;&copy;tica\" \/>\n<meta property=\"article:modified_time\" content=\"2025-09-17T12:41:55+00:00\" \/>\n<meta property=\"og:image\" content=\"http:\/\/nuevawebpruebakaricia.karicia.com\/blog\/wp-content\/uploads\/2025\/07\/A123-Ac.esencial-Ylang-Ylang-completo-ECO.png\" \/>\n\t<meta property=\"og:image:width\" content=\"1080\" \/>\n\t<meta property=\"og:image:height\" content=\"1080\" \/>\n\t<meta property=\"og:image:type\" content=\"image\/png\" \/>\n<meta name=\"twitter:card\" content=\"summary_large_image\" \/>\n<script type=\"application\/ld+json\" class=\"yoast-schema-graph\">{\"@context\":\"https:\/\/schema.org\",\"@graph\":[{\"@type\":\"WebPage\",\"@id\":\"http:\/\/nuevawebpruebakaricia.karicia.com\/blog\/producto\/ylang-ylang-eco-15ml\/\",\"url\":\"http:\/\/nuevawebpruebakaricia.karicia.com\/blog\/producto\/ylang-ylang-eco-15ml\/\",\"name\":\"Ylang-Ylang completo ECO 15ml - Karicia cosm&Atilde;&copy;tica\",\"isPartOf\":{\"@id\":\"http:\/\/nuevawebpruebakaricia.karicia.com\/blog\/#website\"},\"primaryImageOfPage\":{\"@id\":\"http:\/\/nuevawebpruebakaricia.karicia.com\/blog\/producto\/ylang-ylang-eco-15ml\/#primaryimage\"},\"image\":{\"@id\":\"http:\/\/nuevawebpruebakaricia.karicia.com\/blog\/producto\/ylang-ylang-eco-15ml\/#primaryimage\"},\"thumbnailUrl\":\"http:\/\/nuevawebpruebakaricia.karicia.com\/blog\/wp-content\/uploads\/2025\/07\/A123-Ac.esencial-Ylang-Ylang-completo-ECO.png\",\"datePublished\":\"2025-07-24T16:55:38+00:00\",\"dateModified\":\"2025-09-17T12:41:55+00:00\",\"description\":\"Es ideal como t\u00f3nico cut\u00e1neo y capilar, seborregulador, revitalizante y antiinflamatorio.\",\"breadcrumb\":{\"@id\":\"http:\/\/nuevawebpruebakaricia.karicia.com\/blog\/producto\/ylang-ylang-eco-15ml\/#breadcrumb\"},\"inLanguage\":\"es\",\"potentialAction\":[{\"@type\":\"ReadAction\",\"target\":[\"http:\/\/nuevawebpruebakaricia.karicia.com\/blog\/producto\/ylang-ylang-eco-15ml\/\"]}]},{\"@type\":\"ImageObject\",\"inLanguage\":\"es\",\"@id\":\"http:\/\/nuevawebpruebakaricia.karicia.com\/blog\/producto\/ylang-ylang-eco-15ml\/#primaryimage\",\"url\":\"http:\/\/nuevawebpruebakaricia.karicia.com\/blog\/wp-content\/uploads\/2025\/07\/A123-Ac.esencial-Ylang-Ylang-completo-ECO.png\",\"contentUrl\":\"http:\/\/nuevawebpruebakaricia.karicia.com\/blog\/wp-content\/uploads\/2025\/07\/A123-Ac.esencial-Ylang-Ylang-completo-ECO.png\",\"width\":1080,\"height\":1080,\"caption\":\"Ac.esencial Ylang-Ylang completo ECO\"},{\"@type\":\"BreadcrumbList\",\"@id\":\"http:\/\/nuevawebpruebakaricia.karicia.com\/blog\/producto\/ylang-ylang-eco-15ml\/#breadcrumb\",\"itemListElement\":[{\"@type\":\"ListItem\",\"position\":1,\"name\":\"Portada\",\"item\":\"http:\/\/nuevawebpruebakaricia.karicia.com\/blog\/\"},{\"@type\":\"ListItem\",\"position\":2,\"name\":\"Productos\",\"item\":\"http:\/\/nuevawebpruebakaricia.karicia.com\/blog\/shop\/\"},{\"@type\":\"ListItem\",\"position\":3,\"name\":\"Ylang-Ylang completo ECO 15ml\"}]},{\"@type\":\"WebSite\",\"@id\":\"http:\/\/nuevawebpruebakaricia.karicia.com\/blog\/#website\",\"url\":\"http:\/\/nuevawebpruebakaricia.karicia.com\/blog\/\",\"name\":\"Karicia cosm&Atilde;&copy;tica\",\"description\":\"Cosm&Atilde;&copy;tica ecol&Atilde;&sup3;gica 100% natural\",\"publisher\":{\"@id\":\"http:\/\/nuevawebpruebakaricia.karicia.com\/blog\/#organization\"},\"potentialAction\":[{\"@type\":\"SearchAction\",\"target\":{\"@type\":\"EntryPoint\",\"urlTemplate\":\"http:\/\/nuevawebpruebakaricia.karicia.com\/blog\/?s={search_term_string}\"},\"query-input\":{\"@type\":\"PropertyValueSpecification\",\"valueRequired\":true,\"valueName\":\"search_term_string\"}}],\"inLanguage\":\"es\"},{\"@type\":\"Organization\",\"@id\":\"http:\/\/nuevawebpruebakaricia.karicia.com\/blog\/#organization\",\"name\":\"Karicia cosm&Atilde;&copy;tica\",\"url\":\"http:\/\/nuevawebpruebakaricia.karicia.com\/blog\/\",\"logo\":{\"@type\":\"ImageObject\",\"inLanguage\":\"es\",\"@id\":\"http:\/\/nuevawebpruebakaricia.karicia.com\/blog\/#\/schema\/logo\/image\/\",\"url\":\"http:\/\/nuevawebpruebakaricia.karicia.com\/blog\/wp-content\/uploads\/2025\/05\/Karicia-Cosmetica-Holistica-01-Negro-scaled.png\",\"contentUrl\":\"http:\/\/nuevawebpruebakaricia.karicia.com\/blog\/wp-content\/uploads\/2025\/05\/Karicia-Cosmetica-Holistica-01-Negro-scaled.png\",\"width\":2560,\"height\":783,\"caption\":\"Karicia cosm&Atilde;&copy;tica\"},\"image\":{\"@id\":\"http:\/\/nuevawebpruebakaricia.karicia.com\/blog\/#\/schema\/logo\/image\/\"}}]}<\/script>\n<!-- \/ Yoast SEO plugin. -->","yoast_head_json":{"title":"Ylang-Ylang completo ECO 15ml - Karicia cosm&Atilde;&copy;tica","description":"Es ideal como t\u00f3nico cut\u00e1neo y capilar, seborregulador, revitalizante y antiinflamatorio.","robots":{"index":"index","follow":"follow","max-snippet":"max-snippet:-1","max-image-preview":"max-image-preview:large","max-video-preview":"max-video-preview:-1"},"canonical":"http:\/\/nuevawebpruebakaricia.karicia.com\/blog\/producto\/ylang-ylang-eco-15ml\/","og_locale":"es_ES","og_type":"article","og_title":"Ylang-Ylang completo ECO 15ml - Karicia cosm&Atilde;&copy;tica","og_description":"Es ideal como t\u00f3nico cut\u00e1neo y capilar, seborregulador, revitalizante y antiinflamatorio.","og_url":"http:\/\/nuevawebpruebakaricia.karicia.com\/blog\/producto\/ylang-ylang-eco-15ml\/","og_site_name":"Karicia cosm&Atilde;&copy;tica","article_modified_time":"2025-09-17T12:41:55+00:00","og_image":[{"width":1080,"height":1080,"url":"http:\/\/nuevawebpruebakaricia.karicia.com\/blog\/wp-content\/uploads\/2025\/07\/A123-Ac.esencial-Ylang-Ylang-completo-ECO.png","type":"image\/png"}],"twitter_card":"summary_large_image","schema":{"@context":"https:\/\/schema.org","@graph":[{"@type":"WebPage","@id":"http:\/\/nuevawebpruebakaricia.karicia.com\/blog\/producto\/ylang-ylang-eco-15ml\/","url":"http:\/\/nuevawebpruebakaricia.karicia.com\/blog\/producto\/ylang-ylang-eco-15ml\/","name":"Ylang-Ylang completo ECO 15ml - Karicia cosm&Atilde;&copy;tica","isPartOf":{"@id":"http:\/\/nuevawebpruebakaricia.karicia.com\/blog\/#website"},"primaryImageOfPage":{"@id":"http:\/\/nuevawebpruebakaricia.karicia.com\/blog\/producto\/ylang-ylang-eco-15ml\/#primaryimage"},"image":{"@id":"http:\/\/nuevawebpruebakaricia.karicia.com\/blog\/producto\/ylang-ylang-eco-15ml\/#primaryimage"},"thumbnailUrl":"http:\/\/nuevawebpruebakaricia.karicia.com\/blog\/wp-content\/uploads\/2025\/07\/A123-Ac.esencial-Ylang-Ylang-completo-ECO.png","datePublished":"2025-07-24T16:55:38+00:00","dateModified":"2025-09-17T12:41:55+00:00","description":"Es ideal como t\u00f3nico cut\u00e1neo y capilar, seborregulador, revitalizante y antiinflamatorio.","breadcrumb":{"@id":"http:\/\/nuevawebpruebakaricia.karicia.com\/blog\/producto\/ylang-ylang-eco-15ml\/#breadcrumb"},"inLanguage":"es","potentialAction":[{"@type":"ReadAction","target":["http:\/\/nuevawebpruebakaricia.karicia.com\/blog\/producto\/ylang-ylang-eco-15ml\/"]}]},{"@type":"ImageObject","inLanguage":"es","@id":"http:\/\/nuevawebpruebakaricia.karicia.com\/blog\/producto\/ylang-ylang-eco-15ml\/#primaryimage","url":"http:\/\/nuevawebpruebakaricia.karicia.com\/blog\/wp-content\/uploads\/2025\/07\/A123-Ac.esencial-Ylang-Ylang-completo-ECO.png","contentUrl":"http:\/\/nuevawebpruebakaricia.karicia.com\/blog\/wp-content\/uploads\/2025\/07\/A123-Ac.esencial-Ylang-Ylang-completo-ECO.png","width":1080,"height":1080,"caption":"Ac.esencial Ylang-Ylang completo ECO"},{"@type":"BreadcrumbList","@id":"http:\/\/nuevawebpruebakaricia.karicia.com\/blog\/producto\/ylang-ylang-eco-15ml\/#breadcrumb","itemListElement":[{"@type":"ListItem","position":1,"name":"Portada","item":"http:\/\/nuevawebpruebakaricia.karicia.com\/blog\/"},{"@type":"ListItem","position":2,"name":"Productos","item":"http:\/\/nuevawebpruebakaricia.karicia.com\/blog\/shop\/"},{"@type":"ListItem","position":3,"name":"Ylang-Ylang completo ECO 15ml"}]},{"@type":"WebSite","@id":"http:\/\/nuevawebpruebakaricia.karicia.com\/blog\/#website","url":"http:\/\/nuevawebpruebakaricia.karicia.com\/blog\/","name":"Karicia cosm&Atilde;&copy;tica","description":"Cosm&Atilde;&copy;tica ecol&Atilde;&sup3;gica 100% natural","publisher":{"@id":"http:\/\/nuevawebpruebakaricia.karicia.com\/blog\/#organization"},"potentialAction":[{"@type":"SearchAction","target":{"@type":"EntryPoint","urlTemplate":"http:\/\/nuevawebpruebakaricia.karicia.com\/blog\/?s={search_term_string}"},"query-input":{"@type":"PropertyValueSpecification","valueRequired":true,"valueName":"search_term_string"}}],"inLanguage":"es"},{"@type":"Organization","@id":"http:\/\/nuevawebpruebakaricia.karicia.com\/blog\/#organization","name":"Karicia cosm&Atilde;&copy;tica","url":"http:\/\/nuevawebpruebakaricia.karicia.com\/blog\/","logo":{"@type":"ImageObject","inLanguage":"es","@id":"http:\/\/nuevawebpruebakaricia.karicia.com\/blog\/#\/schema\/logo\/image\/","url":"http:\/\/nuevawebpruebakaricia.karicia.com\/blog\/wp-content\/uploads\/2025\/05\/Karicia-Cosmetica-Holistica-01-Negro-scaled.png","contentUrl":"http:\/\/nuevawebpruebakaricia.karicia.com\/blog\/wp-content\/uploads\/2025\/05\/Karicia-Cosmetica-Holistica-01-Negro-scaled.png","width":2560,"height":783,"caption":"Karicia cosm&Atilde;&copy;tica"},"image":{"@id":"http:\/\/nuevawebpruebakaricia.karicia.com\/blog\/#\/schema\/logo\/image\/"}}]}},"_links":{"self":[{"href":"http:\/\/nuevawebpruebakaricia.karicia.com\/blog\/wp-json\/wp\/v2\/product\/11691","targetHints":{"allow":["GET"]}}],"collection":[{"href":"http:\/\/nuevawebpruebakaricia.karicia.com\/blog\/wp-json\/wp\/v2\/product"}],"about":[{"href":"http:\/\/nuevawebpruebakaricia.karicia.com\/blog\/wp-json\/wp\/v2\/types\/product"}],"version-history":[{"count":1,"href":"http:\/\/nuevawebpruebakaricia.karicia.com\/blog\/wp-json\/wp\/v2\/product\/11691\/revisions"}],"predecessor-version":[{"id":14129,"href":"http:\/\/nuevawebpruebakaricia.karicia.com\/blog\/wp-json\/wp\/v2\/product\/11691\/revisions\/14129"}],"wp:featuredmedia":[{"embeddable":true,"href":"http:\/\/nuevawebpruebakaricia.karicia.com\/blog\/wp-json\/wp\/v2\/media\/14158"}],"wp:attachment":[{"href":"http:\/\/nuevawebpruebakaricia.karicia.com\/blog\/wp-json\/wp\/v2\/media?parent=11691"}],"wp:term":[{"taxonomy":"product_brand","embeddable":true,"href":"http:\/\/nuevawebpruebakaricia.karicia.com\/blog\/wp-json\/wp\/v2\/product_brand?post=11691"},{"taxonomy":"product_cat","embeddable":true,"href":"http:\/\/nuevawebpruebakaricia.karicia.com\/blog\/wp-json\/wp\/v2\/product_cat?post=11691"},{"taxonomy":"product_tag","embeddable":true,"href":"http:\/\/nuevawebpruebakaricia.karicia.com\/blog\/wp-json\/wp\/v2\/product_tag?post=11691"}],"curies":[{"name":"wp","href":"https:\/\/api.w.org\/{rel}","templated":true}]}}