{"id":11700,"date":"2025-07-23T23:29:02","date_gmt":"2025-07-23T21:29:02","guid":{"rendered":"http:\/\/nuevawebpruebakaricia.karicia.com\/blog\/?post_type=product&#038;p=6145"},"modified":"2025-09-17T19:53:04","modified_gmt":"2025-09-17T17:53:04","slug":"mascarilla-purificante-arbol-de-te-100-ml","status":"publish","type":"product","link":"http:\/\/nuevawebpruebakaricia.karicia.com\/blog\/producto\/mascarilla-purificante-arbol-de-te-100-ml\/","title":{"rendered":"Mascarilla purificante \u00c1rbol de t\u00e9"},"content":{"rendered":"<p><span style=\"font-weight: 400;\"> Una mascarilla ideal para purificar profundamente sin resecar la piel grasa, con brillos, granitos, acn\u00e9 o manchas.\u00a0<\/span><\/p>\n<p><span style=\"font-weight: 400;\"> Regula el exceso de sebo y reduce visiblemente los brillos.<\/span><\/p>\n<p><span style=\"font-weight: 400;\"> Depura, afina y devuelve el equilibrio natural a las pieles con brillos, granitos o imperfecciones.\u00a0<\/span><\/p>\n<p><span style=\"font-weight: 400;\"> Ideal para quienes buscan una limpieza profunda sin agredir ni deshidratar la piel.<\/span><\/p>\n<p><span style=\"font-weight: 400;\"> Tama\u00f1o: 100ml <\/span><\/p>\n","protected":false},"excerpt":{"rendered":"<p><span style=\"font-weight: 400;\">\u00bfSientes tu piel apagada y asfixiada? Dale un momento mascarilla con efecto d\u00e9tox y recupera su equilibrio y luminosidad en todo tipo de piel.\u00a0<\/span><\/p>\n<p><strong>*El dise\u00f1o del producto puede cambiar.<\/strong><\/p>\n","protected":false},"featured_media":14235,"template":"","meta":{"site-sidebar-layout":"default","site-content-layout":"","ast-site-content-layout":"default","site-content-style":"default","site-sidebar-style":"default","ast-global-header-display":"","ast-banner-title-visibility":"","ast-main-header-display":"","ast-hfb-above-header-display":"","ast-hfb-below-header-display":"","ast-hfb-mobile-header-display":"","site-post-title":"","ast-breadcrumbs-content":"","ast-featured-img":"","footer-sml-layout":"","theme-transparent-header-meta":"default","adv-header-id-meta":"","stick-header-meta":"default","header-above-stick-meta":"","header-main-stick-meta":"","header-below-stick-meta":"","astra-migrate-meta-layouts":"set","ast-page-background-enabled":"default","ast-page-background-meta":{"desktop":{"background-color":"var(--ast-global-color-5)","background-image":"","background-repeat":"repeat","background-position":"center center","background-size":"auto","background-attachment":"scroll","background-type":"","background-media":"","overlay-type":"","overlay-color":"","overlay-opacity":"","overlay-gradient":""},"tablet":{"background-color":"","background-image":"","background-repeat":"repeat","background-position":"center center","background-size":"auto","background-attachment":"scroll","background-type":"","background-media":"","overlay-type":"","overlay-color":"","overlay-opacity":"","overlay-gradient":""},"mobile":{"background-color":"","background-image":"","background-repeat":"repeat","background-position":"center center","background-size":"auto","background-attachment":"scroll","background-type":"","background-media":"","overlay-type":"","overlay-color":"","overlay-opacity":"","overlay-gradient":""}},"ast-content-background-meta":{"desktop":{"background-color":"var(--ast-global-color-4)","background-image":"","background-repeat":"repeat","background-position":"center center","background-size":"auto","background-attachment":"scroll","background-type":"","background-media":"","overlay-type":"","overlay-color":"","overlay-opacity":"","overlay-gradient":""},"tablet":{"background-color":"var(--ast-global-color-4)","background-image":"","background-repeat":"repeat","background-position":"center center","background-size":"auto","background-attachment":"scroll","background-type":"","background-media":"","overlay-type":"","overlay-color":"","overlay-opacity":"","overlay-gradient":""},"mobile":{"background-color":"var(--ast-global-color-4)","background-image":"","background-repeat":"repeat","background-position":"center center","background-size":"auto","background-attachment":"scroll","background-type":"","background-media":"","overlay-type":"","overlay-color":"","overlay-opacity":"","overlay-gradient":""}}},"product_brand":[],"product_cat":[333,335,353,325,314,327,346,319,330,334,332,316,352],"product_tag":[],"class_list":{"0":"post-11700","1":"product","2":"type-product","3":"status-publish","4":"has-post-thumbnail","6":"product_cat-acne","7":"product_cat-brillos-y-grasas","8":"product_cat-escualeno","9":"product_cat-estado-de-piel","10":"product_cat-facial","11":"product_cat-grasa-estado-de-piel","12":"product_cat-ingrediente-activo","13":"product_cat-mascarillas","14":"product_cat-piel-joven","15":"product_cat-poros-dilatados","16":"product_cat-preocupaciones","17":"product_cat-tipo-de-producto-facial","18":"product_cat-vitamina-e","19":"desktop-align-center","20":"tablet-align-left","21":"mobile-align-center","22":"ast-product-gallery-layout-vertical-slider","23":"ast-qv-on-image","25":"first","26":"instock","27":"taxable","28":"shipping-taxable","29":"purchasable","30":"product-type-simple"},"yoast_head":"<!-- This site is optimized with the Yoast SEO plugin v26.0 - https:\/\/yoast.com\/wordpress\/plugins\/seo\/ -->\n<title>Mascarilla purificante \u00c1rbol de t\u00e9 - Karicia cosm&Atilde;&copy;tica<\/title>\n<meta name=\"description\" content=\"La Mascarilla Hidratante Equilibrante \u00c1rbol de T\u00e9 purifica todo tipo de piel e ilumina las pieles apagadas. Su acci\u00f3n descongestiva y tonificante aclara y da uniformidad al tono de la piel.\" \/>\n<meta name=\"robots\" content=\"index, follow, max-snippet:-1, max-image-preview:large, max-video-preview:-1\" \/>\n<link rel=\"canonical\" href=\"http:\/\/nuevawebpruebakaricia.karicia.com\/blog\/producto\/mascarilla-purificante-arbol-de-te-100-ml\/\" \/>\n<meta property=\"og:locale\" content=\"es_ES\" \/>\n<meta property=\"og:type\" content=\"article\" \/>\n<meta property=\"og:title\" content=\"Mascarilla purificante \u00c1rbol de t\u00e9 - Karicia cosm&Atilde;&copy;tica\" \/>\n<meta property=\"og:description\" content=\"La Mascarilla Hidratante Equilibrante \u00c1rbol de T\u00e9 purifica todo tipo de piel e ilumina las pieles apagadas. Su acci\u00f3n descongestiva y tonificante aclara y da uniformidad al tono de la piel.\" \/>\n<meta property=\"og:url\" content=\"http:\/\/nuevawebpruebakaricia.karicia.com\/blog\/producto\/mascarilla-purificante-arbol-de-te-100-ml\/\" \/>\n<meta property=\"og:site_name\" content=\"Karicia cosm&Atilde;&copy;tica\" \/>\n<meta property=\"article:modified_time\" content=\"2025-09-17T17:53:04+00:00\" \/>\n<meta property=\"og:image\" content=\"http:\/\/nuevawebpruebakaricia.karicia.com\/blog\/wp-content\/uploads\/2025\/07\/4025_Mascarilla-purificante-Arbol-de-Te.png\" \/>\n\t<meta property=\"og:image:width\" content=\"1080\" \/>\n\t<meta property=\"og:image:height\" content=\"1080\" \/>\n\t<meta property=\"og:image:type\" content=\"image\/png\" \/>\n<meta name=\"twitter:card\" content=\"summary_large_image\" \/>\n<script type=\"application\/ld+json\" class=\"yoast-schema-graph\">{\"@context\":\"https:\/\/schema.org\",\"@graph\":[{\"@type\":\"WebPage\",\"@id\":\"http:\/\/nuevawebpruebakaricia.karicia.com\/blog\/producto\/mascarilla-purificante-arbol-de-te-100-ml\/\",\"url\":\"http:\/\/nuevawebpruebakaricia.karicia.com\/blog\/producto\/mascarilla-purificante-arbol-de-te-100-ml\/\",\"name\":\"Mascarilla purificante \u00c1rbol de t\u00e9 - Karicia cosm&Atilde;&copy;tica\",\"isPartOf\":{\"@id\":\"http:\/\/nuevawebpruebakaricia.karicia.com\/blog\/#website\"},\"primaryImageOfPage\":{\"@id\":\"http:\/\/nuevawebpruebakaricia.karicia.com\/blog\/producto\/mascarilla-purificante-arbol-de-te-100-ml\/#primaryimage\"},\"image\":{\"@id\":\"http:\/\/nuevawebpruebakaricia.karicia.com\/blog\/producto\/mascarilla-purificante-arbol-de-te-100-ml\/#primaryimage\"},\"thumbnailUrl\":\"http:\/\/nuevawebpruebakaricia.karicia.com\/blog\/wp-content\/uploads\/2025\/07\/4025_Mascarilla-purificante-Arbol-de-Te.png\",\"datePublished\":\"2025-07-23T21:29:02+00:00\",\"dateModified\":\"2025-09-17T17:53:04+00:00\",\"description\":\"La Mascarilla Hidratante Equilibrante \u00c1rbol de T\u00e9 purifica todo tipo de piel e ilumina las pieles apagadas. Su acci\u00f3n descongestiva y tonificante aclara y da uniformidad al tono de la piel.\",\"breadcrumb\":{\"@id\":\"http:\/\/nuevawebpruebakaricia.karicia.com\/blog\/producto\/mascarilla-purificante-arbol-de-te-100-ml\/#breadcrumb\"},\"inLanguage\":\"es\",\"potentialAction\":[{\"@type\":\"ReadAction\",\"target\":[\"http:\/\/nuevawebpruebakaricia.karicia.com\/blog\/producto\/mascarilla-purificante-arbol-de-te-100-ml\/\"]}]},{\"@type\":\"ImageObject\",\"inLanguage\":\"es\",\"@id\":\"http:\/\/nuevawebpruebakaricia.karicia.com\/blog\/producto\/mascarilla-purificante-arbol-de-te-100-ml\/#primaryimage\",\"url\":\"http:\/\/nuevawebpruebakaricia.karicia.com\/blog\/wp-content\/uploads\/2025\/07\/4025_Mascarilla-purificante-Arbol-de-Te.png\",\"contentUrl\":\"http:\/\/nuevawebpruebakaricia.karicia.com\/blog\/wp-content\/uploads\/2025\/07\/4025_Mascarilla-purificante-Arbol-de-Te.png\",\"width\":1080,\"height\":1080,\"caption\":\"Mascarilla purificante A\u0301rbol de Te\u0301\"},{\"@type\":\"BreadcrumbList\",\"@id\":\"http:\/\/nuevawebpruebakaricia.karicia.com\/blog\/producto\/mascarilla-purificante-arbol-de-te-100-ml\/#breadcrumb\",\"itemListElement\":[{\"@type\":\"ListItem\",\"position\":1,\"name\":\"Portada\",\"item\":\"http:\/\/nuevawebpruebakaricia.karicia.com\/blog\/\"},{\"@type\":\"ListItem\",\"position\":2,\"name\":\"Productos\",\"item\":\"http:\/\/nuevawebpruebakaricia.karicia.com\/blog\/shop\/\"},{\"@type\":\"ListItem\",\"position\":3,\"name\":\"Mascarilla purificante \u00c1rbol de t\u00e9\"}]},{\"@type\":\"WebSite\",\"@id\":\"http:\/\/nuevawebpruebakaricia.karicia.com\/blog\/#website\",\"url\":\"http:\/\/nuevawebpruebakaricia.karicia.com\/blog\/\",\"name\":\"Karicia cosm&Atilde;&copy;tica\",\"description\":\"Cosm&Atilde;&copy;tica ecol&Atilde;&sup3;gica 100% natural\",\"publisher\":{\"@id\":\"http:\/\/nuevawebpruebakaricia.karicia.com\/blog\/#organization\"},\"potentialAction\":[{\"@type\":\"SearchAction\",\"target\":{\"@type\":\"EntryPoint\",\"urlTemplate\":\"http:\/\/nuevawebpruebakaricia.karicia.com\/blog\/?s={search_term_string}\"},\"query-input\":{\"@type\":\"PropertyValueSpecification\",\"valueRequired\":true,\"valueName\":\"search_term_string\"}}],\"inLanguage\":\"es\"},{\"@type\":\"Organization\",\"@id\":\"http:\/\/nuevawebpruebakaricia.karicia.com\/blog\/#organization\",\"name\":\"Karicia cosm&Atilde;&copy;tica\",\"url\":\"http:\/\/nuevawebpruebakaricia.karicia.com\/blog\/\",\"logo\":{\"@type\":\"ImageObject\",\"inLanguage\":\"es\",\"@id\":\"http:\/\/nuevawebpruebakaricia.karicia.com\/blog\/#\/schema\/logo\/image\/\",\"url\":\"http:\/\/nuevawebpruebakaricia.karicia.com\/blog\/wp-content\/uploads\/2025\/05\/Karicia-Cosmetica-Holistica-01-Negro-scaled.png\",\"contentUrl\":\"http:\/\/nuevawebpruebakaricia.karicia.com\/blog\/wp-content\/uploads\/2025\/05\/Karicia-Cosmetica-Holistica-01-Negro-scaled.png\",\"width\":2560,\"height\":783,\"caption\":\"Karicia cosm&Atilde;&copy;tica\"},\"image\":{\"@id\":\"http:\/\/nuevawebpruebakaricia.karicia.com\/blog\/#\/schema\/logo\/image\/\"}}]}<\/script>\n<!-- \/ Yoast SEO plugin. -->","yoast_head_json":{"title":"Mascarilla purificante \u00c1rbol de t\u00e9 - Karicia cosm&Atilde;&copy;tica","description":"La Mascarilla Hidratante Equilibrante \u00c1rbol de T\u00e9 purifica todo tipo de piel e ilumina las pieles apagadas. Su acci\u00f3n descongestiva y tonificante aclara y da uniformidad al tono de la piel.","robots":{"index":"index","follow":"follow","max-snippet":"max-snippet:-1","max-image-preview":"max-image-preview:large","max-video-preview":"max-video-preview:-1"},"canonical":"http:\/\/nuevawebpruebakaricia.karicia.com\/blog\/producto\/mascarilla-purificante-arbol-de-te-100-ml\/","og_locale":"es_ES","og_type":"article","og_title":"Mascarilla purificante \u00c1rbol de t\u00e9 - Karicia cosm&Atilde;&copy;tica","og_description":"La Mascarilla Hidratante Equilibrante \u00c1rbol de T\u00e9 purifica todo tipo de piel e ilumina las pieles apagadas. Su acci\u00f3n descongestiva y tonificante aclara y da uniformidad al tono de la piel.","og_url":"http:\/\/nuevawebpruebakaricia.karicia.com\/blog\/producto\/mascarilla-purificante-arbol-de-te-100-ml\/","og_site_name":"Karicia cosm&Atilde;&copy;tica","article_modified_time":"2025-09-17T17:53:04+00:00","og_image":[{"width":1080,"height":1080,"url":"http:\/\/nuevawebpruebakaricia.karicia.com\/blog\/wp-content\/uploads\/2025\/07\/4025_Mascarilla-purificante-Arbol-de-Te.png","type":"image\/png"}],"twitter_card":"summary_large_image","schema":{"@context":"https:\/\/schema.org","@graph":[{"@type":"WebPage","@id":"http:\/\/nuevawebpruebakaricia.karicia.com\/blog\/producto\/mascarilla-purificante-arbol-de-te-100-ml\/","url":"http:\/\/nuevawebpruebakaricia.karicia.com\/blog\/producto\/mascarilla-purificante-arbol-de-te-100-ml\/","name":"Mascarilla purificante \u00c1rbol de t\u00e9 - Karicia cosm&Atilde;&copy;tica","isPartOf":{"@id":"http:\/\/nuevawebpruebakaricia.karicia.com\/blog\/#website"},"primaryImageOfPage":{"@id":"http:\/\/nuevawebpruebakaricia.karicia.com\/blog\/producto\/mascarilla-purificante-arbol-de-te-100-ml\/#primaryimage"},"image":{"@id":"http:\/\/nuevawebpruebakaricia.karicia.com\/blog\/producto\/mascarilla-purificante-arbol-de-te-100-ml\/#primaryimage"},"thumbnailUrl":"http:\/\/nuevawebpruebakaricia.karicia.com\/blog\/wp-content\/uploads\/2025\/07\/4025_Mascarilla-purificante-Arbol-de-Te.png","datePublished":"2025-07-23T21:29:02+00:00","dateModified":"2025-09-17T17:53:04+00:00","description":"La Mascarilla Hidratante Equilibrante \u00c1rbol de T\u00e9 purifica todo tipo de piel e ilumina las pieles apagadas. Su acci\u00f3n descongestiva y tonificante aclara y da uniformidad al tono de la piel.","breadcrumb":{"@id":"http:\/\/nuevawebpruebakaricia.karicia.com\/blog\/producto\/mascarilla-purificante-arbol-de-te-100-ml\/#breadcrumb"},"inLanguage":"es","potentialAction":[{"@type":"ReadAction","target":["http:\/\/nuevawebpruebakaricia.karicia.com\/blog\/producto\/mascarilla-purificante-arbol-de-te-100-ml\/"]}]},{"@type":"ImageObject","inLanguage":"es","@id":"http:\/\/nuevawebpruebakaricia.karicia.com\/blog\/producto\/mascarilla-purificante-arbol-de-te-100-ml\/#primaryimage","url":"http:\/\/nuevawebpruebakaricia.karicia.com\/blog\/wp-content\/uploads\/2025\/07\/4025_Mascarilla-purificante-Arbol-de-Te.png","contentUrl":"http:\/\/nuevawebpruebakaricia.karicia.com\/blog\/wp-content\/uploads\/2025\/07\/4025_Mascarilla-purificante-Arbol-de-Te.png","width":1080,"height":1080,"caption":"Mascarilla purificante A\u0301rbol de Te\u0301"},{"@type":"BreadcrumbList","@id":"http:\/\/nuevawebpruebakaricia.karicia.com\/blog\/producto\/mascarilla-purificante-arbol-de-te-100-ml\/#breadcrumb","itemListElement":[{"@type":"ListItem","position":1,"name":"Portada","item":"http:\/\/nuevawebpruebakaricia.karicia.com\/blog\/"},{"@type":"ListItem","position":2,"name":"Productos","item":"http:\/\/nuevawebpruebakaricia.karicia.com\/blog\/shop\/"},{"@type":"ListItem","position":3,"name":"Mascarilla purificante \u00c1rbol de t\u00e9"}]},{"@type":"WebSite","@id":"http:\/\/nuevawebpruebakaricia.karicia.com\/blog\/#website","url":"http:\/\/nuevawebpruebakaricia.karicia.com\/blog\/","name":"Karicia cosm&Atilde;&copy;tica","description":"Cosm&Atilde;&copy;tica ecol&Atilde;&sup3;gica 100% natural","publisher":{"@id":"http:\/\/nuevawebpruebakaricia.karicia.com\/blog\/#organization"},"potentialAction":[{"@type":"SearchAction","target":{"@type":"EntryPoint","urlTemplate":"http:\/\/nuevawebpruebakaricia.karicia.com\/blog\/?s={search_term_string}"},"query-input":{"@type":"PropertyValueSpecification","valueRequired":true,"valueName":"search_term_string"}}],"inLanguage":"es"},{"@type":"Organization","@id":"http:\/\/nuevawebpruebakaricia.karicia.com\/blog\/#organization","name":"Karicia cosm&Atilde;&copy;tica","url":"http:\/\/nuevawebpruebakaricia.karicia.com\/blog\/","logo":{"@type":"ImageObject","inLanguage":"es","@id":"http:\/\/nuevawebpruebakaricia.karicia.com\/blog\/#\/schema\/logo\/image\/","url":"http:\/\/nuevawebpruebakaricia.karicia.com\/blog\/wp-content\/uploads\/2025\/05\/Karicia-Cosmetica-Holistica-01-Negro-scaled.png","contentUrl":"http:\/\/nuevawebpruebakaricia.karicia.com\/blog\/wp-content\/uploads\/2025\/05\/Karicia-Cosmetica-Holistica-01-Negro-scaled.png","width":2560,"height":783,"caption":"Karicia cosm&Atilde;&copy;tica"},"image":{"@id":"http:\/\/nuevawebpruebakaricia.karicia.com\/blog\/#\/schema\/logo\/image\/"}}]}},"_links":{"self":[{"href":"http:\/\/nuevawebpruebakaricia.karicia.com\/blog\/wp-json\/wp\/v2\/product\/11700","targetHints":{"allow":["GET"]}}],"collection":[{"href":"http:\/\/nuevawebpruebakaricia.karicia.com\/blog\/wp-json\/wp\/v2\/product"}],"about":[{"href":"http:\/\/nuevawebpruebakaricia.karicia.com\/blog\/wp-json\/wp\/v2\/types\/product"}],"version-history":[{"count":2,"href":"http:\/\/nuevawebpruebakaricia.karicia.com\/blog\/wp-json\/wp\/v2\/product\/11700\/revisions"}],"predecessor-version":[{"id":14239,"href":"http:\/\/nuevawebpruebakaricia.karicia.com\/blog\/wp-json\/wp\/v2\/product\/11700\/revisions\/14239"}],"wp:featuredmedia":[{"embeddable":true,"href":"http:\/\/nuevawebpruebakaricia.karicia.com\/blog\/wp-json\/wp\/v2\/media\/14235"}],"wp:attachment":[{"href":"http:\/\/nuevawebpruebakaricia.karicia.com\/blog\/wp-json\/wp\/v2\/media?parent=11700"}],"wp:term":[{"taxonomy":"product_brand","embeddable":true,"href":"http:\/\/nuevawebpruebakaricia.karicia.com\/blog\/wp-json\/wp\/v2\/product_brand?post=11700"},{"taxonomy":"product_cat","embeddable":true,"href":"http:\/\/nuevawebpruebakaricia.karicia.com\/blog\/wp-json\/wp\/v2\/product_cat?post=11700"},{"taxonomy":"product_tag","embeddable":true,"href":"http:\/\/nuevawebpruebakaricia.karicia.com\/blog\/wp-json\/wp\/v2\/product_tag?post=11700"}],"curies":[{"name":"wp","href":"https:\/\/api.w.org\/{rel}","templated":true}]}}