{"id":6115,"date":"2025-07-24T09:57:24","date_gmt":"2025-07-24T07:57:24","guid":{"rendered":"http:\/\/nuevawebpruebakaricia.karicia.com\/blog\/?post_type=product&#038;p=6115"},"modified":"2025-09-18T02:05:00","modified_gmt":"2025-09-18T00:05:00","slug":"serum-regenerante-pasiflora-30-ml","status":"publish","type":"product","link":"http:\/\/nuevawebpruebakaricia.karicia.com\/blog\/producto\/serum-regenerante-pasiflora-30-ml\/","title":{"rendered":"S\u00e9rum regenerante Pasiflora"},"content":{"rendered":"<p><span style=\"font-weight: 400;\"> S\u00e9rum facial nutritivo y regenerante con extractos vegetales y aceites vegetales puros que calman, protegen y restauran en profundidad.\u00a0<\/span><\/p>\n<p><span style=\"font-weight: 400;\"> Alta tolerancia, textura ligera de r\u00e1pida absorci\u00f3n y aroma natural que reconforta cuerpo y mente.\u00a0<\/span><\/p>\n<p><span style=\"font-weight: 400;\"> Act\u00faa como un escudo regenerante diario: su f\u00f3rmula rica en activos bot\u00e1nicos de alta eficacia fortalece la piel y mejora su resistencia frente a agresiones externas. <\/span><\/p>\n<p><span style=\"font-weight: 400;\">Transforma las pieles apagadas, secas o estresadas en un rostro luminoso, suave y vital. Por eso es el bestseller de Karicia: por algo tantas pieles conf\u00edan en \u00e9l cada d\u00eda.\u00a0<\/span><\/p>\n<p><span style=\"font-weight: 400;\"> Ideal para piel tirante, apagada o con falta de elasticidad, para quienes buscan un s\u00e9rum sensorial y eficaz o para recuperar la piel tras periodos de estr\u00e9s, cambios hormonales o tratamientos agresivos.<\/span><\/p>\n<p><span style=\"font-weight: 400;\">Arrugas, falta de firmeza, l\u00edneas de expresi\u00f3n, piel desvitalizada, apagada Activos regenerantes: Pasiflora, Rosa canina y Casta\u00f1o de Indias.<\/span><\/p>\n<p><span style=\"font-weight: 400;\">Tama\u00f1o: 30ml<\/span><\/p>\n","protected":false},"excerpt":{"rendered":"<p><span style=\"font-weight: 400;\">Exclusivo c\u00f3ctel regenerador que restaura la piel para recuperar la hidrataci\u00f3n y firmeza del rostro, a la vez que previene la aparici\u00f3n de arrugas.<\/span><\/p>\n","protected":false},"featured_media":14204,"template":"","meta":{"site-sidebar-layout":"default","site-content-layout":"","ast-site-content-layout":"default","site-content-style":"default","site-sidebar-style":"default","ast-global-header-display":"","ast-banner-title-visibility":"","ast-main-header-display":"","ast-hfb-above-header-display":"","ast-hfb-below-header-display":"","ast-hfb-mobile-header-display":"","site-post-title":"","ast-breadcrumbs-content":"","ast-featured-img":"","footer-sml-layout":"","theme-transparent-header-meta":"default","adv-header-id-meta":"","stick-header-meta":"default","header-above-stick-meta":"","header-main-stick-meta":"","header-below-stick-meta":"","astra-migrate-meta-layouts":"set","ast-page-background-enabled":"default","ast-page-background-meta":{"desktop":{"background-color":"var(--ast-global-color-5)","background-image":"","background-repeat":"repeat","background-position":"center center","background-size":"auto","background-attachment":"scroll","background-type":"","background-media":"","overlay-type":"","overlay-color":"","overlay-opacity":"","overlay-gradient":""},"tablet":{"background-color":"","background-image":"","background-repeat":"repeat","background-position":"center center","background-size":"auto","background-attachment":"scroll","background-type":"","background-media":"","overlay-type":"","overlay-color":"","overlay-opacity":"","overlay-gradient":""},"mobile":{"background-color":"","background-image":"","background-repeat":"repeat","background-position":"center center","background-size":"auto","background-attachment":"scroll","background-type":"","background-media":"","overlay-type":"","overlay-color":"","overlay-opacity":"","overlay-gradient":""}},"ast-content-background-meta":{"desktop":{"background-color":"var(--ast-global-color-4)","background-image":"","background-repeat":"repeat","background-position":"center center","background-size":"auto","background-attachment":"scroll","background-type":"","background-media":"","overlay-type":"","overlay-color":"","overlay-opacity":"","overlay-gradient":""},"tablet":{"background-color":"var(--ast-global-color-4)","background-image":"","background-repeat":"repeat","background-position":"center center","background-size":"auto","background-attachment":"scroll","background-type":"","background-media":"","overlay-type":"","overlay-color":"","overlay-opacity":"","overlay-gradient":""},"mobile":{"background-color":"var(--ast-global-color-4)","background-image":"","background-repeat":"repeat","background-position":"center center","background-size":"auto","background-attachment":"scroll","background-type":"","background-media":"","overlay-type":"","overlay-color":"","overlay-opacity":"","overlay-gradient":""}}},"product_brand":[],"product_cat":[333,329,406,335,336,353,325,314,342,327,346,344,326,343,331,332,340,338,321,328,337,316],"product_tag":[],"class_list":{"0":"post-6115","1":"product","2":"type-product","3":"status-publish","4":"has-post-thumbnail","6":"product_cat-acne","7":"product_cat-atopica","8":"product_cat-best-sellers","9":"product_cat-brillos-y-grasas","10":"product_cat-deshidratacion","11":"product_cat-escualeno","12":"product_cat-estado-de-piel","13":"product_cat-facial","14":"product_cat-falta-de-firmeza","15":"product_cat-grasa-estado-de-piel","16":"product_cat-ingrediente-activo","17":"product_cat-manchas","18":"product_cat-normal-y-mixta","19":"product_cat-piel-apagada","20":"product_cat-piel-madura","21":"product_cat-preocupaciones","22":"product_cat-primeras-arrugas","23":"product_cat-rojeces","24":"product_cat-serums","25":"product_cat-seca-sensible-y-reactiva","26":"product_cat-sequedad-preocupaciones","27":"product_cat-tipo-de-producto-facial","28":"desktop-align-center","29":"tablet-align-left","30":"mobile-align-center","31":"ast-product-gallery-layout-vertical-slider","32":"ast-qv-on-image","34":"first","35":"instock","36":"taxable","37":"shipping-taxable","38":"purchasable","39":"product-type-simple"},"yoast_head":"<!-- This site is optimized with the Yoast SEO plugin v26.0 - https:\/\/yoast.com\/wordpress\/plugins\/seo\/ -->\n<title>S\u00e9rum regenerante Pasiflora - Karicia cosm&Atilde;&copy;tica<\/title>\n<meta name=\"description\" content=\"Indispensable en tratamientos intensivos antiedad, nutritivos y calmantes, el S\u00e9rum Regenerante Pasiflora es ideal tambi\u00e9n como contorno de ojos.\" \/>\n<meta name=\"robots\" content=\"index, follow, max-snippet:-1, max-image-preview:large, max-video-preview:-1\" \/>\n<link rel=\"canonical\" href=\"http:\/\/nuevawebpruebakaricia.karicia.com\/blog\/producto\/serum-regenerante-pasiflora-30-ml\/\" \/>\n<meta property=\"og:locale\" content=\"es_ES\" \/>\n<meta property=\"og:type\" content=\"article\" \/>\n<meta property=\"og:title\" content=\"S\u00e9rum regenerante Pasiflora - Karicia cosm&Atilde;&copy;tica\" \/>\n<meta property=\"og:description\" content=\"Indispensable en tratamientos intensivos antiedad, nutritivos y calmantes, el S\u00e9rum Regenerante Pasiflora es ideal tambi\u00e9n como contorno de ojos.\" \/>\n<meta property=\"og:url\" content=\"http:\/\/nuevawebpruebakaricia.karicia.com\/blog\/producto\/serum-regenerante-pasiflora-30-ml\/\" \/>\n<meta property=\"og:site_name\" content=\"Karicia cosm&Atilde;&copy;tica\" \/>\n<meta property=\"article:modified_time\" content=\"2025-09-18T00:05:00+00:00\" \/>\n<meta property=\"og:image\" content=\"http:\/\/nuevawebpruebakaricia.karicia.com\/blog\/wp-content\/uploads\/2025\/07\/4020_Serum-regenerante-Pasiflora.png\" \/>\n\t<meta property=\"og:image:width\" content=\"1080\" \/>\n\t<meta property=\"og:image:height\" content=\"1080\" \/>\n\t<meta property=\"og:image:type\" content=\"image\/png\" \/>\n<meta name=\"twitter:card\" content=\"summary_large_image\" \/>\n<script type=\"application\/ld+json\" class=\"yoast-schema-graph\">{\"@context\":\"https:\/\/schema.org\",\"@graph\":[{\"@type\":\"WebPage\",\"@id\":\"http:\/\/nuevawebpruebakaricia.karicia.com\/blog\/producto\/serum-regenerante-pasiflora-30-ml\/\",\"url\":\"http:\/\/nuevawebpruebakaricia.karicia.com\/blog\/producto\/serum-regenerante-pasiflora-30-ml\/\",\"name\":\"S\u00e9rum regenerante Pasiflora - Karicia cosm&Atilde;&copy;tica\",\"isPartOf\":{\"@id\":\"http:\/\/nuevawebpruebakaricia.karicia.com\/blog\/#website\"},\"primaryImageOfPage\":{\"@id\":\"http:\/\/nuevawebpruebakaricia.karicia.com\/blog\/producto\/serum-regenerante-pasiflora-30-ml\/#primaryimage\"},\"image\":{\"@id\":\"http:\/\/nuevawebpruebakaricia.karicia.com\/blog\/producto\/serum-regenerante-pasiflora-30-ml\/#primaryimage\"},\"thumbnailUrl\":\"http:\/\/nuevawebpruebakaricia.karicia.com\/blog\/wp-content\/uploads\/2025\/07\/4020_Serum-regenerante-Pasiflora.png\",\"datePublished\":\"2025-07-24T07:57:24+00:00\",\"dateModified\":\"2025-09-18T00:05:00+00:00\",\"description\":\"Indispensable en tratamientos intensivos antiedad, nutritivos y calmantes, el S\u00e9rum Regenerante Pasiflora es ideal tambi\u00e9n como contorno de ojos.\",\"breadcrumb\":{\"@id\":\"http:\/\/nuevawebpruebakaricia.karicia.com\/blog\/producto\/serum-regenerante-pasiflora-30-ml\/#breadcrumb\"},\"inLanguage\":\"es\",\"potentialAction\":[{\"@type\":\"ReadAction\",\"target\":[\"http:\/\/nuevawebpruebakaricia.karicia.com\/blog\/producto\/serum-regenerante-pasiflora-30-ml\/\"]}]},{\"@type\":\"ImageObject\",\"inLanguage\":\"es\",\"@id\":\"http:\/\/nuevawebpruebakaricia.karicia.com\/blog\/producto\/serum-regenerante-pasiflora-30-ml\/#primaryimage\",\"url\":\"http:\/\/nuevawebpruebakaricia.karicia.com\/blog\/wp-content\/uploads\/2025\/07\/4020_Serum-regenerante-Pasiflora.png\",\"contentUrl\":\"http:\/\/nuevawebpruebakaricia.karicia.com\/blog\/wp-content\/uploads\/2025\/07\/4020_Serum-regenerante-Pasiflora.png\",\"width\":1080,\"height\":1080,\"caption\":\"Se\u0301rum regenerante Pasiflora\"},{\"@type\":\"BreadcrumbList\",\"@id\":\"http:\/\/nuevawebpruebakaricia.karicia.com\/blog\/producto\/serum-regenerante-pasiflora-30-ml\/#breadcrumb\",\"itemListElement\":[{\"@type\":\"ListItem\",\"position\":1,\"name\":\"Portada\",\"item\":\"http:\/\/nuevawebpruebakaricia.karicia.com\/blog\/\"},{\"@type\":\"ListItem\",\"position\":2,\"name\":\"Productos\",\"item\":\"http:\/\/nuevawebpruebakaricia.karicia.com\/blog\/shop\/\"},{\"@type\":\"ListItem\",\"position\":3,\"name\":\"S\u00e9rum regenerante Pasiflora\"}]},{\"@type\":\"WebSite\",\"@id\":\"http:\/\/nuevawebpruebakaricia.karicia.com\/blog\/#website\",\"url\":\"http:\/\/nuevawebpruebakaricia.karicia.com\/blog\/\",\"name\":\"Karicia cosm&Atilde;&copy;tica\",\"description\":\"Cosm&Atilde;&copy;tica ecol&Atilde;&sup3;gica 100% natural\",\"publisher\":{\"@id\":\"http:\/\/nuevawebpruebakaricia.karicia.com\/blog\/#organization\"},\"potentialAction\":[{\"@type\":\"SearchAction\",\"target\":{\"@type\":\"EntryPoint\",\"urlTemplate\":\"http:\/\/nuevawebpruebakaricia.karicia.com\/blog\/?s={search_term_string}\"},\"query-input\":{\"@type\":\"PropertyValueSpecification\",\"valueRequired\":true,\"valueName\":\"search_term_string\"}}],\"inLanguage\":\"es\"},{\"@type\":\"Organization\",\"@id\":\"http:\/\/nuevawebpruebakaricia.karicia.com\/blog\/#organization\",\"name\":\"Karicia cosm&Atilde;&copy;tica\",\"url\":\"http:\/\/nuevawebpruebakaricia.karicia.com\/blog\/\",\"logo\":{\"@type\":\"ImageObject\",\"inLanguage\":\"es\",\"@id\":\"http:\/\/nuevawebpruebakaricia.karicia.com\/blog\/#\/schema\/logo\/image\/\",\"url\":\"http:\/\/nuevawebpruebakaricia.karicia.com\/blog\/wp-content\/uploads\/2025\/05\/Karicia-Cosmetica-Holistica-01-Negro-scaled.png\",\"contentUrl\":\"http:\/\/nuevawebpruebakaricia.karicia.com\/blog\/wp-content\/uploads\/2025\/05\/Karicia-Cosmetica-Holistica-01-Negro-scaled.png\",\"width\":2560,\"height\":783,\"caption\":\"Karicia cosm&Atilde;&copy;tica\"},\"image\":{\"@id\":\"http:\/\/nuevawebpruebakaricia.karicia.com\/blog\/#\/schema\/logo\/image\/\"}}]}<\/script>\n<!-- \/ Yoast SEO plugin. -->","yoast_head_json":{"title":"S\u00e9rum regenerante Pasiflora - Karicia cosm&Atilde;&copy;tica","description":"Indispensable en tratamientos intensivos antiedad, nutritivos y calmantes, el S\u00e9rum Regenerante Pasiflora es ideal tambi\u00e9n como contorno de ojos.","robots":{"index":"index","follow":"follow","max-snippet":"max-snippet:-1","max-image-preview":"max-image-preview:large","max-video-preview":"max-video-preview:-1"},"canonical":"http:\/\/nuevawebpruebakaricia.karicia.com\/blog\/producto\/serum-regenerante-pasiflora-30-ml\/","og_locale":"es_ES","og_type":"article","og_title":"S\u00e9rum regenerante Pasiflora - Karicia cosm&Atilde;&copy;tica","og_description":"Indispensable en tratamientos intensivos antiedad, nutritivos y calmantes, el S\u00e9rum Regenerante Pasiflora es ideal tambi\u00e9n como contorno de ojos.","og_url":"http:\/\/nuevawebpruebakaricia.karicia.com\/blog\/producto\/serum-regenerante-pasiflora-30-ml\/","og_site_name":"Karicia cosm&Atilde;&copy;tica","article_modified_time":"2025-09-18T00:05:00+00:00","og_image":[{"width":1080,"height":1080,"url":"http:\/\/nuevawebpruebakaricia.karicia.com\/blog\/wp-content\/uploads\/2025\/07\/4020_Serum-regenerante-Pasiflora.png","type":"image\/png"}],"twitter_card":"summary_large_image","schema":{"@context":"https:\/\/schema.org","@graph":[{"@type":"WebPage","@id":"http:\/\/nuevawebpruebakaricia.karicia.com\/blog\/producto\/serum-regenerante-pasiflora-30-ml\/","url":"http:\/\/nuevawebpruebakaricia.karicia.com\/blog\/producto\/serum-regenerante-pasiflora-30-ml\/","name":"S\u00e9rum regenerante Pasiflora - Karicia cosm&Atilde;&copy;tica","isPartOf":{"@id":"http:\/\/nuevawebpruebakaricia.karicia.com\/blog\/#website"},"primaryImageOfPage":{"@id":"http:\/\/nuevawebpruebakaricia.karicia.com\/blog\/producto\/serum-regenerante-pasiflora-30-ml\/#primaryimage"},"image":{"@id":"http:\/\/nuevawebpruebakaricia.karicia.com\/blog\/producto\/serum-regenerante-pasiflora-30-ml\/#primaryimage"},"thumbnailUrl":"http:\/\/nuevawebpruebakaricia.karicia.com\/blog\/wp-content\/uploads\/2025\/07\/4020_Serum-regenerante-Pasiflora.png","datePublished":"2025-07-24T07:57:24+00:00","dateModified":"2025-09-18T00:05:00+00:00","description":"Indispensable en tratamientos intensivos antiedad, nutritivos y calmantes, el S\u00e9rum Regenerante Pasiflora es ideal tambi\u00e9n como contorno de ojos.","breadcrumb":{"@id":"http:\/\/nuevawebpruebakaricia.karicia.com\/blog\/producto\/serum-regenerante-pasiflora-30-ml\/#breadcrumb"},"inLanguage":"es","potentialAction":[{"@type":"ReadAction","target":["http:\/\/nuevawebpruebakaricia.karicia.com\/blog\/producto\/serum-regenerante-pasiflora-30-ml\/"]}]},{"@type":"ImageObject","inLanguage":"es","@id":"http:\/\/nuevawebpruebakaricia.karicia.com\/blog\/producto\/serum-regenerante-pasiflora-30-ml\/#primaryimage","url":"http:\/\/nuevawebpruebakaricia.karicia.com\/blog\/wp-content\/uploads\/2025\/07\/4020_Serum-regenerante-Pasiflora.png","contentUrl":"http:\/\/nuevawebpruebakaricia.karicia.com\/blog\/wp-content\/uploads\/2025\/07\/4020_Serum-regenerante-Pasiflora.png","width":1080,"height":1080,"caption":"Se\u0301rum regenerante Pasiflora"},{"@type":"BreadcrumbList","@id":"http:\/\/nuevawebpruebakaricia.karicia.com\/blog\/producto\/serum-regenerante-pasiflora-30-ml\/#breadcrumb","itemListElement":[{"@type":"ListItem","position":1,"name":"Portada","item":"http:\/\/nuevawebpruebakaricia.karicia.com\/blog\/"},{"@type":"ListItem","position":2,"name":"Productos","item":"http:\/\/nuevawebpruebakaricia.karicia.com\/blog\/shop\/"},{"@type":"ListItem","position":3,"name":"S\u00e9rum regenerante Pasiflora"}]},{"@type":"WebSite","@id":"http:\/\/nuevawebpruebakaricia.karicia.com\/blog\/#website","url":"http:\/\/nuevawebpruebakaricia.karicia.com\/blog\/","name":"Karicia cosm&Atilde;&copy;tica","description":"Cosm&Atilde;&copy;tica ecol&Atilde;&sup3;gica 100% natural","publisher":{"@id":"http:\/\/nuevawebpruebakaricia.karicia.com\/blog\/#organization"},"potentialAction":[{"@type":"SearchAction","target":{"@type":"EntryPoint","urlTemplate":"http:\/\/nuevawebpruebakaricia.karicia.com\/blog\/?s={search_term_string}"},"query-input":{"@type":"PropertyValueSpecification","valueRequired":true,"valueName":"search_term_string"}}],"inLanguage":"es"},{"@type":"Organization","@id":"http:\/\/nuevawebpruebakaricia.karicia.com\/blog\/#organization","name":"Karicia cosm&Atilde;&copy;tica","url":"http:\/\/nuevawebpruebakaricia.karicia.com\/blog\/","logo":{"@type":"ImageObject","inLanguage":"es","@id":"http:\/\/nuevawebpruebakaricia.karicia.com\/blog\/#\/schema\/logo\/image\/","url":"http:\/\/nuevawebpruebakaricia.karicia.com\/blog\/wp-content\/uploads\/2025\/05\/Karicia-Cosmetica-Holistica-01-Negro-scaled.png","contentUrl":"http:\/\/nuevawebpruebakaricia.karicia.com\/blog\/wp-content\/uploads\/2025\/05\/Karicia-Cosmetica-Holistica-01-Negro-scaled.png","width":2560,"height":783,"caption":"Karicia cosm&Atilde;&copy;tica"},"image":{"@id":"http:\/\/nuevawebpruebakaricia.karicia.com\/blog\/#\/schema\/logo\/image\/"}}]}},"_links":{"self":[{"href":"http:\/\/nuevawebpruebakaricia.karicia.com\/blog\/wp-json\/wp\/v2\/product\/6115","targetHints":{"allow":["GET"]}}],"collection":[{"href":"http:\/\/nuevawebpruebakaricia.karicia.com\/blog\/wp-json\/wp\/v2\/product"}],"about":[{"href":"http:\/\/nuevawebpruebakaricia.karicia.com\/blog\/wp-json\/wp\/v2\/types\/product"}],"version-history":[{"count":4,"href":"http:\/\/nuevawebpruebakaricia.karicia.com\/blog\/wp-json\/wp\/v2\/product\/6115\/revisions"}],"predecessor-version":[{"id":14517,"href":"http:\/\/nuevawebpruebakaricia.karicia.com\/blog\/wp-json\/wp\/v2\/product\/6115\/revisions\/14517"}],"wp:featuredmedia":[{"embeddable":true,"href":"http:\/\/nuevawebpruebakaricia.karicia.com\/blog\/wp-json\/wp\/v2\/media\/14204"}],"wp:attachment":[{"href":"http:\/\/nuevawebpruebakaricia.karicia.com\/blog\/wp-json\/wp\/v2\/media?parent=6115"}],"wp:term":[{"taxonomy":"product_brand","embeddable":true,"href":"http:\/\/nuevawebpruebakaricia.karicia.com\/blog\/wp-json\/wp\/v2\/product_brand?post=6115"},{"taxonomy":"product_cat","embeddable":true,"href":"http:\/\/nuevawebpruebakaricia.karicia.com\/blog\/wp-json\/wp\/v2\/product_cat?post=6115"},{"taxonomy":"product_tag","embeddable":true,"href":"http:\/\/nuevawebpruebakaricia.karicia.com\/blog\/wp-json\/wp\/v2\/product_tag?post=6115"}],"curies":[{"name":"wp","href":"https:\/\/api.w.org\/{rel}","templated":true}]}}